{"id":477,"date":"2020-07-20T14:02:41","date_gmt":"2020-07-20T18:02:41","guid":{"rendered":"https:\/\/ontariocaregiver.ca\/peersupport\/find-a-mentor\/"},"modified":"2021-06-01T09:53:12","modified_gmt":"2021-06-01T13:53:12","slug":"trouver-un-mentor","status":"publish","type":"page","link":"https:\/\/ontariocaregiver.ca\/peersupport\/fr\/trouver-un-mentor\/","title":{"rendered":"Trouver un mentor"},"content":{"rendered":"<div id=\"hero-banner-block_5f15de197a869\" class=\"hero-banner \">\n    <div class=\"banner\" style=\"background-image:url('https:\/\/ontariocaregiver.ca\/peersupport\/wp-content\/uploads\/2021\/01\/Peer-Support-Image.jpg');\">\n        <div class=\"row\">\n            <div class=\"large-10 large-offset-1 column\">\n                <h2> <\/h2>\n            <\/div>\n        <\/div>\n    <\/div>\n<\/div>\n\n\n\n<div id=\"paragraph-block-block_5f342af6f4209\" class=\"paragraph-block \">\n    <div class=\"row\">\n        <div class=\"large-8 large-offset-2 column\">\n            <div class=\"block-content \">\n                <p>Un engagement \u00e0 l\u2019\u00e9gard de tous les aspects d\u2019un mode de vie sain. Nous comprenons \u00e0 quel point il est essentiel d\u2019avoir le soutien dont vous avez besoin au cours de votre parcours d\u2019aidant naturel.<\/p>\n<p>Les pairs mentors sont des aidants naturels exp\u00e9riment\u00e9s qui sont l\u00e0 pour vous aider en \u2013<\/p>\n<ul>\n<li>Vous encourageant, vous soutenant et vous acceptant<\/li>\n<li>\u00c9coutant les exp\u00e9riences v\u00e9cues que vous partagez, et ce, sans jugement<\/li>\n<li>Discutant de votre bien-\u00eatre et en vous aidant \u00e0 cr\u00e9er un plan et un parcours pour que votre bien-\u00eatre reste au premier plan<\/li>\n<li>Vous soutenant pour \u00e9laborer des strat\u00e9gies d\u2019adaptation<\/li>\n<li>Vous aidant \u00e0 fixer les objectifs que vous souhaitez atteindre<\/li>\n<li>\u00c9tant l\u00e0 pour vous<\/li>\n<\/ul>\n            <\/div>\n        <\/div>\n    <\/div>\n<\/div>\n\n\n\n<div id=\"paragraph-block-block_5f342b11f420a\" class=\"paragraph-block \">\n    <div class=\"row\">\n        <div class=\"large-8 large-offset-2 column\">\n            <div class=\"block-content \">\n                <h4>Processus de s\u00e9lection<\/h4>\n<p>Les mentors doivent effectuer une premi\u00e8re s\u00e9lection\/entrevue avec l\u2019Organisme de soutien aux aidants naturels de l\u2019Ontario en plus de ce qui suit :<\/p>\n<ul>\n<li>La v\u00e9rification des r\u00e9f\u00e9rences<\/li>\n<li>Le contr\u00f4le du casier judiciaire<\/li>\n<li>La r\u00e9ussite des modules de formation de mentorat par les pairs avant d\u2019\u00eatre jumel\u00e9 avec d\u2019autres aidants naturels qui ont besoin de leur soutien.<\/li>\n<\/ul>\n<p>Une fois qualifi\u00e9s, les mentors re\u00e7oivent un coaching continu et sont supervis\u00e9s par le responsable du programme.<\/p>\n            <\/div>\n        <\/div>\n    <\/div>\n<\/div>\n\n\n\n<div id=\"paragraph-block-block_5f342b6bf420b\" class=\"paragraph-block \">\n    <div class=\"row\">\n        <div class=\"large-8 large-offset-2 column\">\n            <div class=\"block-content \">\n                <h4>Profils<\/h4>\n<p><a href=\"https:\/\/ontariocaregiver.ca\/peersupport\/fr\/inscrivez-vous\/\">Inscrivez-vous d\u00e8s aujourd\u2019hui<\/a> et lisez les nombreux profils d&rsquo;aidants naturels qui ont choisi de joindre le Programme individuel de soutien par les pairs de l\u2019Organisme de soutien aux aidants naturels de l\u2019Ontario pour vous soutenir dans votre parcours d\u2019aidant naturel.<\/p>\n            <\/div>\n        <\/div>\n    <\/div>\n<\/div>\n\n\n\n<div id=\"mentors-profiles-block_5f34489ca8f17\" class=\"mentors-profiles \">\n    <div class=\"row\">\n        <div class=\"large-8 large-offset-2 column\">\n            <div class=\"title\">\n                Voici quelques-uns des pairs mentors form\u00e9s qui sont disponibles pour vous aider :            <\/div>\n        <\/div>\n    <\/div>\n    <div class=\"row\">\n        <div class=\"large-10 large-offset-1 column\">\n            <div class=\"mentors\">\n                <div class=\"row\">\n                                        <div class=\"large-4 column\">\n                        <div class=\"avatar\">\n                            <img loading=\"lazy\" decoding=\"async\" width=\"281\" height=\"281\" src=\"https:\/\/ontariocaregiver.ca\/peersupport\/wp-content\/uploads\/2020\/09\/Mieko.png\" class=\"attachment-grid-images size-grid-images\" alt=\"\" \/>                            <span>Mieko<\/span>\n                        <\/div>\n                    <\/div>\n                                        <div class=\"large-4 column\">\n                        <div class=\"avatar\">\n                            <img loading=\"lazy\" decoding=\"async\" width=\"281\" height=\"281\" src=\"https:\/\/ontariocaregiver.ca\/peersupport\/wp-content\/uploads\/2020\/09\/Steve.png\" class=\"attachment-grid-images size-grid-images\" alt=\"\" \/>                            <span>Steve<\/span>\n                        <\/div>\n                    <\/div>\n                                        <div class=\"large-4 column\">\n                        <div class=\"avatar\">\n                            <img loading=\"lazy\" decoding=\"async\" width=\"176\" height=\"176\" src=\"https:\/\/ontariocaregiver.ca\/peersupport\/wp-content\/uploads\/2021\/05\/Picture1.jpg\" class=\"attachment-grid-images size-grid-images\" alt=\"Nahlah, Mentor\" \/>                            <span>Nahlah<\/span>\n                        <\/div>\n                    <\/div>\n                                    <\/div>\n            <\/div>\n        <\/div>\n    <\/div>\n<\/div>\n\n\n\n<div id=\"fixed-cta-block_5f46bf132c095\" class=\"fixed-cta alignfull \">\n\n    <div class=\"row\">\n        <div class=\"large-12 column\">\n            <div class=\"banner-contents\">\n                <h3>Trouvez un mentor maintenant. <\/h3>\n                                    <span class=\"cta-btn\">\n                        <a href=\"https:\/\/ontariocaregiver.ca\/peersupport\/fr\/inscrivez-vous\/\" >Inscrivez-vous!<\/a>\n                    <\/span>\n                            <\/div>\n        <\/div>\n    <\/div>\n<\/div>\n\n","protected":false},"excerpt":{"rendered":"","protected":false},"author":1,"featured_media":0,"parent":0,"menu_order":0,"comment_status":"closed","ping_status":"closed","template":"page-templates\/page-find-mentor.php","meta":{"_acf_changed":false,"inline_featured_image":false,"footnotes":""},"class_list":["post-477","page","type-page","status-publish","hentry"],"acf":[],"yoast_head":"<!-- This site is optimized with the Yoast SEO plugin v27.4 - https:\/\/yoast.com\/product\/yoast-seo-wordpress\/ -->\n<title>Trouver un mentor - Peer Support<\/title>\n<meta name=\"robots\" content=\"index, follow, max-snippet:-1, max-image-preview:large, max-video-preview:-1\" \/>\n<link rel=\"canonical\" href=\"https:\/\/ontariocaregiver.ca\/peersupport\/fr\/trouver-un-mentor\/\" \/>\n<meta property=\"og:locale\" content=\"fr_FR\" \/>\n<meta property=\"og:type\" content=\"article\" \/>\n<meta property=\"og:title\" content=\"Trouver un mentor - Peer Support\" \/>\n<meta property=\"og:url\" content=\"https:\/\/ontariocaregiver.ca\/peersupport\/fr\/trouver-un-mentor\/\" \/>\n<meta property=\"og:site_name\" content=\"Peer Support\" \/>\n<meta property=\"article:modified_time\" content=\"2021-06-01T13:53:12+00:00\" \/>\n<meta name=\"twitter:card\" content=\"summary_large_image\" \/>\n<script type=\"application\/ld+json\" class=\"yoast-schema-graph\">{\"@context\":\"https:\\\/\\\/schema.org\",\"@graph\":[{\"@type\":\"WebPage\",\"@id\":\"https:\\\/\\\/ontariocaregiver.ca\\\/peersupport\\\/fr\\\/trouver-un-mentor\\\/\",\"url\":\"https:\\\/\\\/ontariocaregiver.ca\\\/peersupport\\\/fr\\\/trouver-un-mentor\\\/\",\"name\":\"Trouver un mentor - Peer Support\",\"isPartOf\":{\"@id\":\"https:\\\/\\\/ontariocaregiver.ca\\\/peersupport\\\/fr\\\/#website\"},\"datePublished\":\"2020-07-20T18:02:41+00:00\",\"dateModified\":\"2021-06-01T13:53:12+00:00\",\"breadcrumb\":{\"@id\":\"https:\\\/\\\/ontariocaregiver.ca\\\/peersupport\\\/fr\\\/trouver-un-mentor\\\/#breadcrumb\"},\"inLanguage\":\"fr-FR\",\"potentialAction\":[{\"@type\":\"ReadAction\",\"target\":[\"https:\\\/\\\/ontariocaregiver.ca\\\/peersupport\\\/fr\\\/trouver-un-mentor\\\/\"]}]},{\"@type\":\"BreadcrumbList\",\"@id\":\"https:\\\/\\\/ontariocaregiver.ca\\\/peersupport\\\/fr\\\/trouver-un-mentor\\\/#breadcrumb\",\"itemListElement\":[{\"@type\":\"ListItem\",\"position\":1,\"name\":\"Page Principale\",\"item\":\"https:\\\/\\\/ontariocaregiver.ca\\\/peersupport\\\/fr\\\/sample-page\\\/\"},{\"@type\":\"ListItem\",\"position\":2,\"name\":\"Trouver un mentor\"}]},{\"@type\":\"WebSite\",\"@id\":\"https:\\\/\\\/ontariocaregiver.ca\\\/peersupport\\\/fr\\\/#website\",\"url\":\"https:\\\/\\\/ontariocaregiver.ca\\\/peersupport\\\/fr\\\/\",\"name\":\"Peer Support\",\"description\":\"Just another WordPress site\",\"potentialAction\":[{\"@type\":\"SearchAction\",\"target\":{\"@type\":\"EntryPoint\",\"urlTemplate\":\"https:\\\/\\\/ontariocaregiver.ca\\\/peersupport\\\/fr\\\/?s={search_term_string}\"},\"query-input\":{\"@type\":\"PropertyValueSpecification\",\"valueRequired\":true,\"valueName\":\"search_term_string\"}}],\"inLanguage\":\"fr-FR\"}]}<\/script>\n<!-- \/ Yoast SEO plugin. -->","yoast_head_json":{"title":"Trouver un mentor - Peer Support","robots":{"index":"index","follow":"follow","max-snippet":"max-snippet:-1","max-image-preview":"max-image-preview:large","max-video-preview":"max-video-preview:-1"},"canonical":"https:\/\/ontariocaregiver.ca\/peersupport\/fr\/trouver-un-mentor\/","og_locale":"fr_FR","og_type":"article","og_title":"Trouver un mentor - Peer Support","og_url":"https:\/\/ontariocaregiver.ca\/peersupport\/fr\/trouver-un-mentor\/","og_site_name":"Peer Support","article_modified_time":"2021-06-01T13:53:12+00:00","twitter_card":"summary_large_image","schema":{"@context":"https:\/\/schema.org","@graph":[{"@type":"WebPage","@id":"https:\/\/ontariocaregiver.ca\/peersupport\/fr\/trouver-un-mentor\/","url":"https:\/\/ontariocaregiver.ca\/peersupport\/fr\/trouver-un-mentor\/","name":"Trouver un mentor - Peer Support","isPartOf":{"@id":"https:\/\/ontariocaregiver.ca\/peersupport\/fr\/#website"},"datePublished":"2020-07-20T18:02:41+00:00","dateModified":"2021-06-01T13:53:12+00:00","breadcrumb":{"@id":"https:\/\/ontariocaregiver.ca\/peersupport\/fr\/trouver-un-mentor\/#breadcrumb"},"inLanguage":"fr-FR","potentialAction":[{"@type":"ReadAction","target":["https:\/\/ontariocaregiver.ca\/peersupport\/fr\/trouver-un-mentor\/"]}]},{"@type":"BreadcrumbList","@id":"https:\/\/ontariocaregiver.ca\/peersupport\/fr\/trouver-un-mentor\/#breadcrumb","itemListElement":[{"@type":"ListItem","position":1,"name":"Page Principale","item":"https:\/\/ontariocaregiver.ca\/peersupport\/fr\/sample-page\/"},{"@type":"ListItem","position":2,"name":"Trouver un mentor"}]},{"@type":"WebSite","@id":"https:\/\/ontariocaregiver.ca\/peersupport\/fr\/#website","url":"https:\/\/ontariocaregiver.ca\/peersupport\/fr\/","name":"Peer Support","description":"Just another WordPress site","potentialAction":[{"@type":"SearchAction","target":{"@type":"EntryPoint","urlTemplate":"https:\/\/ontariocaregiver.ca\/peersupport\/fr\/?s={search_term_string}"},"query-input":{"@type":"PropertyValueSpecification","valueRequired":true,"valueName":"search_term_string"}}],"inLanguage":"fr-FR"}]}},"_links":{"self":[{"href":"https:\/\/ontariocaregiver.ca\/peersupport\/fr\/wp-json\/wp\/v2\/pages\/477","targetHints":{"allow":["GET"]}}],"collection":[{"href":"https:\/\/ontariocaregiver.ca\/peersupport\/fr\/wp-json\/wp\/v2\/pages"}],"about":[{"href":"https:\/\/ontariocaregiver.ca\/peersupport\/fr\/wp-json\/wp\/v2\/types\/page"}],"author":[{"embeddable":true,"href":"https:\/\/ontariocaregiver.ca\/peersupport\/fr\/wp-json\/wp\/v2\/users\/1"}],"replies":[{"embeddable":true,"href":"https:\/\/ontariocaregiver.ca\/peersupport\/fr\/wp-json\/wp\/v2\/comments?post=477"}],"version-history":[{"count":27,"href":"https:\/\/ontariocaregiver.ca\/peersupport\/fr\/wp-json\/wp\/v2\/pages\/477\/revisions"}],"predecessor-version":[{"id":789,"href":"https:\/\/ontariocaregiver.ca\/peersupport\/fr\/wp-json\/wp\/v2\/pages\/477\/revisions\/789"}],"wp:attachment":[{"href":"https:\/\/ontariocaregiver.ca\/peersupport\/fr\/wp-json\/wp\/v2\/media?parent=477"}],"curies":[{"name":"wp","href":"https:\/\/api.w.org\/{rel}","templated":true}]}}