{"id":468,"date":"2020-07-20T16:42:21","date_gmt":"2020-07-20T20:42:21","guid":{"rendered":"https:\/\/ontariocaregiver.ca\/peersupport\/become-a-peer-mentor\/"},"modified":"2022-03-15T17:39:57","modified_gmt":"2022-03-15T21:39:57","slug":"devenez-un-mentor","status":"publish","type":"page","link":"https:\/\/ontariocaregiver.ca\/peersupport\/fr\/devenez-un-mentor\/","title":{"rendered":"Devenez un mentor"},"content":{"rendered":"<div id=\"hero-banner-block_5f16018c16fad\" class=\"hero-banner \">\n    <div class=\"banner\" style=\"background-image:url('https:\/\/ontariocaregiver.ca\/peersupport\/wp-content\/uploads\/2020\/09\/iStock-1035778344-scaled.jpg');\">\n        <div class=\"row\">\n            <div class=\"large-10 large-offset-1 column\">\n                <h2>Devenez un mentor<\/h2>\n            <\/div>\n        <\/div>\n    <\/div>\n<\/div>\n\n\n\n<div id=\"paragraph-block-block_5f2d994180c9b\" class=\"paragraph-block \">\n    <div class=\"row\">\n        <div class=\"large-8 large-offset-2 column\">\n            <div class=\"block-content \">\n                <p>En tant qu\u2019aidant naturel qualifi\u00e9, vous savez \u00e0 quel point il est important d\u2019avoir une personne compatissante qui vous \u00e9coute et qui comprend ce que c\u2019est que d\u2019\u00eatre aidant naturel. Un aidant naturel \u00e9coute, offre un soutien, oriente la personnne vers les ressources existentes, et surtout, comprend ce que vit la personne.<\/p>\n<p>Si vous souhaitez prendre part \u00e0 notre programme de mentorat par les pairs, inscrivez-vous en ligne d\u00e8s aujourd\u2019hui. Le responsable du Programme r\u00e9pondra \u00e0 vos questions, vous guidera dans votre d\u00e9marche et cr\u00e9era un profil pour vous jumeler avec un autre aidant naturel.<\/p>\n<p><a href=\"https:\/\/www.surveymonkey.com\/r\/benevoleavecosano\" target=\"_blank\" rel=\"noopener\">Pensez \u00e0 poser votre candidature d\u00e8s aujourd\u2019hui.<\/a><\/p>\n<p>Nous recommandons que les mentors soient disponibles pour une \u00e0 deux heures par semaine, et nous leur demandons de s\u2019engager \u00e0 participer au programme pendant au moins un an. Au cours des premi\u00e8res phases de votre jumelage, nous vous sugg\u00e9rons de prendre contact avec l\u2019aidant naturel participant pour une dur\u00e9e d&rsquo;environ une heure chaque semaine afin d\u2019\u00e9tablir une relation de soutien solide.<\/p>\n            <\/div>\n        <\/div>\n    <\/div>\n<\/div>\n\n\n\n<div id=\"testimonials-slider-block_5f318345f9bdf\" class=\"testimonials-slider \">\n    <div class=\"row\">\n        <div class=\"large-8 large-offset-2 column\">\n            <div class=\"the-slider\" data-equalizer data-equalize-on=\"medium\">\n                                <div class=\"testimonial\">\n                    <div class=\"testimonial-text\"><p>\u00ab J\u2019ai r\u00e9cemment pris ma retraite du secteur de la sant\u00e9. Ma fille a maintenant 40 ans et a \u00e9t\u00e9 diagnostiqu\u00e9e comme ayant un trouble bipolaire en 2005 \u00e0 la suite d\u2019une tentative de suicide. Elle a v\u00e9cu avec moi jusqu\u2019en 2019. Elle est capable de bien fonctionner et elle est maintenant dans une r\u00e9sidence de groupe. Cela lui a donn\u00e9 la structure dont elle avait besoin, et je trouve un peu de paix en moi et dans ma vie, bien que ce soit parfois difficile pour nous deux. J\u2019ai particip\u00e9 \u00e0 des groupes de soutien \u00e0 la fois comme participante et comme animatrice pendant de nombreuses ann\u00e9es afin de trouver un \u00e9quilibre personnel et d\u2019obtenir le soutien dont j\u2019avais besoin. \u00catre aidante naturelle, d\u2019autant plus que je travaillais \u00e0 plein temps, \u00e9tait cependant tr\u00e8s difficile, mais possible avec de l\u2019aide. \u00bb<\/p><\/div>\n                    <div class=\"testimonial-author\"><h5>Carole <\/h5><\/div>\n                <\/div>\n                            <\/div>\n        <\/div>\n    <\/div>\n<\/div>\n\n\n\n<div id=\"signup-block-block_5f34270e749a8\" class=\"signup-block \">\n    <div class=\"row\">\n        <div class=\"large-9 large-offset-2 column\">\n            <div class=\"signup-content\">\n                <div class=\"text\">\n                    <h4> Nos mentors<\/h4>\n                    <p>Je m\u2019appelle Nahlah et je suis d\u2019origine su\u00e9doise, mais d\u00e9sormais, je consid\u00e8re l\u2019Ontario, au Canada, comme mon chez-moi.  \r\n\r\nJ\u2019ai accept\u00e9 le poste de mentor aupr\u00e8s de l\u2019Organisme de soutien aux aidants naturels de l\u2019Ontario en 2020, car je voulais offrir le soutien dont j\u2019aurais aim\u00e9 b\u00e9n\u00e9ficier au cours de ma propre exp\u00e9rience d\u2019aidante naturelle. Prendre soin d\u2019un membre de sa famille proche \u00e0 un jeune \u00e2ge repr\u00e9sentait un tout nouvel univers avec lequel il fallait composer et qui comportait son lot d\u2019obstacles et de questions. Cependant, ce fut \u00e9galement l\u2019une des le\u00e7ons d\u2019humilit\u00e9 les plus importantes de ma vie et j\u2019aurais aim\u00e9 alors avoir la possibilit\u00e9 de parler \u00e0 quelqu\u2019un qui se trouvait dans une situation similaire.   \r\n\r\nL\u2019acc\u00e8s \u00e0 un soutien affectif est essentiel lorsque l\u2019on prend soin d\u2019une personne.  Je sais que toute aidante naturelle et tout aidant naturel doit faire face \u00e0 des difficult\u00e9s pour g\u00e9rer des sentiments tels que la culpabilit\u00e9, la solitude et le manque d\u2019encouragement. Demander de l\u2019aide est un pas dans la bonne direction. \r\n\r\nJe me suis engag\u00e9e \u00e0 \u00eatre une personne ressource de soutien \u00e0 long terme pour toute personne qui en a besoin. Exprimer verbalement ses pr\u00e9occupations, ses questions et ses exp\u00e9riences est un moyen de soulager la tension et le stress qui accompagnent le r\u00f4le d\u2019aidant naturel aupr\u00e8s d\u2019un \u00eatre cher. \r\n\r\nEn tant que membre de l\u2019Organisme de soutien aux aidants naturels de l\u2019Ontario, je participe aux diverses initiatives informatives et d\u2019am\u00e9lioration du niveau de comp\u00e9tences mises en place par cet organisme afin de mieux comprendre les d\u00e9fis auxquels vous faites face. <\/p>\n                <\/div>\n                <div class=\"avatar\">\n                    <img loading=\"lazy\" decoding=\"async\" width=\"176\" height=\"176\" src=\"https:\/\/ontariocaregiver.ca\/peersupport\/wp-content\/uploads\/2021\/05\/Picture1.jpg\" class=\"attachment-grid-images size-grid-images\" alt=\"Nahlah, Mentor\" \/>                    <span>Nahlah<\/span>\n                <\/div>\n            <\/div>\n        <\/div>\n    <\/div>\n<!--    <div class=\"row\">-->\n<!--        <div class=\"large-12 column\">-->\n<!--            --><!--            <div class=\"cta-wrapper\">-->\n<!--                <span class=\"cta-btn\">-->\n<!--                        <a href=\"--><!--\" --><!--<\/a>-->\n<!--                    <\/span>-->\n<!--            <\/div>-->\n<!--            --><!--        <\/div>-->\n<!--    <\/div>-->\n<\/div>\n\n\n\n<div id=\"fixed-cta-block_5f2d930ca8eb6\" class=\"fixed-cta alignfull \">\n\n    <div class=\"row\">\n        <div class=\"large-12 column\">\n            <div class=\"banner-contents\">\n                <h3>Devenez un mentor. <\/h3>\n                                    <span class=\"cta-btn\">\n                        <a href=\"https:\/\/www.surveymonkey.com\/r\/benevoleavecosano\" target=\"_blank\"> Inscrivez-vous <\/a>\n                    <\/span>\n                            <\/div>\n        <\/div>\n    <\/div>\n<\/div>\n\n","protected":false},"excerpt":{"rendered":"","protected":false},"author":1,"featured_media":0,"parent":0,"menu_order":0,"comment_status":"closed","ping_status":"closed","template":"","meta":{"_acf_changed":false,"inline_featured_image":false,"footnotes":""},"class_list":["post-468","page","type-page","status-publish","hentry"],"acf":[],"yoast_head":"<!-- This site is optimized with the Yoast SEO plugin v27.4 - https:\/\/yoast.com\/product\/yoast-seo-wordpress\/ -->\n<title>Devenez un mentor - Peer Support<\/title>\n<meta name=\"robots\" content=\"index, follow, max-snippet:-1, max-image-preview:large, max-video-preview:-1\" \/>\n<link rel=\"canonical\" href=\"https:\/\/ontariocaregiver.ca\/peersupport\/fr\/devenez-un-mentor\/\" \/>\n<meta property=\"og:locale\" content=\"fr_FR\" \/>\n<meta property=\"og:type\" content=\"article\" \/>\n<meta property=\"og:title\" content=\"Devenez un mentor - Peer Support\" \/>\n<meta property=\"og:url\" content=\"https:\/\/ontariocaregiver.ca\/peersupport\/fr\/devenez-un-mentor\/\" \/>\n<meta property=\"og:site_name\" content=\"Peer Support\" \/>\n<meta property=\"article:modified_time\" content=\"2022-03-15T21:39:57+00:00\" \/>\n<meta name=\"twitter:card\" content=\"summary_large_image\" \/>\n<script type=\"application\/ld+json\" class=\"yoast-schema-graph\">{\"@context\":\"https:\\\/\\\/schema.org\",\"@graph\":[{\"@type\":\"WebPage\",\"@id\":\"https:\\\/\\\/ontariocaregiver.ca\\\/peersupport\\\/fr\\\/devenez-un-mentor\\\/\",\"url\":\"https:\\\/\\\/ontariocaregiver.ca\\\/peersupport\\\/fr\\\/devenez-un-mentor\\\/\",\"name\":\"Devenez un mentor - Peer Support\",\"isPartOf\":{\"@id\":\"https:\\\/\\\/ontariocaregiver.ca\\\/peersupport\\\/fr\\\/#website\"},\"datePublished\":\"2020-07-20T20:42:21+00:00\",\"dateModified\":\"2022-03-15T21:39:57+00:00\",\"breadcrumb\":{\"@id\":\"https:\\\/\\\/ontariocaregiver.ca\\\/peersupport\\\/fr\\\/devenez-un-mentor\\\/#breadcrumb\"},\"inLanguage\":\"fr-FR\",\"potentialAction\":[{\"@type\":\"ReadAction\",\"target\":[\"https:\\\/\\\/ontariocaregiver.ca\\\/peersupport\\\/fr\\\/devenez-un-mentor\\\/\"]}]},{\"@type\":\"BreadcrumbList\",\"@id\":\"https:\\\/\\\/ontariocaregiver.ca\\\/peersupport\\\/fr\\\/devenez-un-mentor\\\/#breadcrumb\",\"itemListElement\":[{\"@type\":\"ListItem\",\"position\":1,\"name\":\"Page Principale\",\"item\":\"https:\\\/\\\/ontariocaregiver.ca\\\/peersupport\\\/fr\\\/sample-page\\\/\"},{\"@type\":\"ListItem\",\"position\":2,\"name\":\"Devenez un mentor\"}]},{\"@type\":\"WebSite\",\"@id\":\"https:\\\/\\\/ontariocaregiver.ca\\\/peersupport\\\/fr\\\/#website\",\"url\":\"https:\\\/\\\/ontariocaregiver.ca\\\/peersupport\\\/fr\\\/\",\"name\":\"Peer Support\",\"description\":\"Just another WordPress site\",\"potentialAction\":[{\"@type\":\"SearchAction\",\"target\":{\"@type\":\"EntryPoint\",\"urlTemplate\":\"https:\\\/\\\/ontariocaregiver.ca\\\/peersupport\\\/fr\\\/?s={search_term_string}\"},\"query-input\":{\"@type\":\"PropertyValueSpecification\",\"valueRequired\":true,\"valueName\":\"search_term_string\"}}],\"inLanguage\":\"fr-FR\"}]}<\/script>\n<!-- \/ Yoast SEO plugin. -->","yoast_head_json":{"title":"Devenez un mentor - Peer Support","robots":{"index":"index","follow":"follow","max-snippet":"max-snippet:-1","max-image-preview":"max-image-preview:large","max-video-preview":"max-video-preview:-1"},"canonical":"https:\/\/ontariocaregiver.ca\/peersupport\/fr\/devenez-un-mentor\/","og_locale":"fr_FR","og_type":"article","og_title":"Devenez un mentor - Peer Support","og_url":"https:\/\/ontariocaregiver.ca\/peersupport\/fr\/devenez-un-mentor\/","og_site_name":"Peer Support","article_modified_time":"2022-03-15T21:39:57+00:00","twitter_card":"summary_large_image","schema":{"@context":"https:\/\/schema.org","@graph":[{"@type":"WebPage","@id":"https:\/\/ontariocaregiver.ca\/peersupport\/fr\/devenez-un-mentor\/","url":"https:\/\/ontariocaregiver.ca\/peersupport\/fr\/devenez-un-mentor\/","name":"Devenez un mentor - Peer Support","isPartOf":{"@id":"https:\/\/ontariocaregiver.ca\/peersupport\/fr\/#website"},"datePublished":"2020-07-20T20:42:21+00:00","dateModified":"2022-03-15T21:39:57+00:00","breadcrumb":{"@id":"https:\/\/ontariocaregiver.ca\/peersupport\/fr\/devenez-un-mentor\/#breadcrumb"},"inLanguage":"fr-FR","potentialAction":[{"@type":"ReadAction","target":["https:\/\/ontariocaregiver.ca\/peersupport\/fr\/devenez-un-mentor\/"]}]},{"@type":"BreadcrumbList","@id":"https:\/\/ontariocaregiver.ca\/peersupport\/fr\/devenez-un-mentor\/#breadcrumb","itemListElement":[{"@type":"ListItem","position":1,"name":"Page Principale","item":"https:\/\/ontariocaregiver.ca\/peersupport\/fr\/sample-page\/"},{"@type":"ListItem","position":2,"name":"Devenez un mentor"}]},{"@type":"WebSite","@id":"https:\/\/ontariocaregiver.ca\/peersupport\/fr\/#website","url":"https:\/\/ontariocaregiver.ca\/peersupport\/fr\/","name":"Peer Support","description":"Just another WordPress site","potentialAction":[{"@type":"SearchAction","target":{"@type":"EntryPoint","urlTemplate":"https:\/\/ontariocaregiver.ca\/peersupport\/fr\/?s={search_term_string}"},"query-input":{"@type":"PropertyValueSpecification","valueRequired":true,"valueName":"search_term_string"}}],"inLanguage":"fr-FR"}]}},"_links":{"self":[{"href":"https:\/\/ontariocaregiver.ca\/peersupport\/fr\/wp-json\/wp\/v2\/pages\/468","targetHints":{"allow":["GET"]}}],"collection":[{"href":"https:\/\/ontariocaregiver.ca\/peersupport\/fr\/wp-json\/wp\/v2\/pages"}],"about":[{"href":"https:\/\/ontariocaregiver.ca\/peersupport\/fr\/wp-json\/wp\/v2\/types\/page"}],"author":[{"embeddable":true,"href":"https:\/\/ontariocaregiver.ca\/peersupport\/fr\/wp-json\/wp\/v2\/users\/1"}],"replies":[{"embeddable":true,"href":"https:\/\/ontariocaregiver.ca\/peersupport\/fr\/wp-json\/wp\/v2\/comments?post=468"}],"version-history":[{"count":37,"href":"https:\/\/ontariocaregiver.ca\/peersupport\/fr\/wp-json\/wp\/v2\/pages\/468\/revisions"}],"predecessor-version":[{"id":889,"href":"https:\/\/ontariocaregiver.ca\/peersupport\/fr\/wp-json\/wp\/v2\/pages\/468\/revisions\/889"}],"wp:attachment":[{"href":"https:\/\/ontariocaregiver.ca\/peersupport\/fr\/wp-json\/wp\/v2\/media?parent=468"}],"curies":[{"name":"wp","href":"https:\/\/api.w.org\/{rel}","templated":true}]}}