{"id":459,"date":"2020-08-27T16:27:27","date_gmt":"2020-08-27T20:27:27","guid":{"rendered":"https:\/\/ontariocaregiver.ca\/peersupport\/about\/"},"modified":"2021-05-05T14:30:41","modified_gmt":"2021-05-05T18:30:41","slug":"a-propos","status":"publish","type":"page","link":"https:\/\/ontariocaregiver.ca\/peersupport\/fr\/a-propos\/","title":{"rendered":"\u00c0 propos :"},"content":{"rendered":"\n<h2 class=\"wp-block-heading\">\u00c0 propos du soutien par les pairs<\/h2>\n\n\n\n<h4 class=\"wp-block-heading\">Parfois, on a juste besoin d\u2019entendre une voix aimable. <\/h4>\n\n\n\n<p>En tant qu\u2019aidants naturels, nous comprenons que ce parcours est rempli de hauts et de bas. Nous comprenons que ce parcours est \u00e0 la fois gratifiant et \u00e9prouvant. Il est souvent difficile de trouver l\u2019\u00e9quilibre et le soutien n\u00e9cessaire pour \u00eatre aidant naturel et avoir le temps pour tous les rendez-vous m\u00e9dicaux, le travail et les engagements familiaux. C\u2019est pr\u00e9cis\u00e9ment pour cette raison que l\u2019Organisme de soutien aux aidants naturels de l\u2019Ontario a cr\u00e9\u00e9 le Programme individuel de soutien par les pairs.<\/p>\n\n\n\n<p>Les aidants naturels qualifi\u00e9s savent mieux que quiconque \u00e0 quel point il peut \u00eatre difficile d\u2019\u00eatre un aidant naturel. Partager vos exp\u00e9riences avec un aidant naturel qualifi\u00e9, dans un environnement propice et selon un horaire convenable \u00e0 tous les deux est \u00ab&nbsp;exactement ce que le m\u00e9decin a prescrit&nbsp;\u00bb. Le mentorat est une m\u00e9thode qui consiste \u00e0 transmettre des exp\u00e9riences v\u00e9cues afin de soutenir un autre aidant naturel de mani\u00e8re stimulante et significative.<\/p>\n\n\n\n<p>Il est facile de&nbsp;<a href=\"https:\/\/ontariocaregiver.ca\/peersupport\/fr\/trouver-un-mentor\">s\u2019inscrire<\/a>, d\u2019entrer en contact avec un aidant naturel par t\u00e9l\u00e9phone et de se sentir soutenu et compris alors que vous parcourez ensemble ce chemin.<\/p>\n\n\n\n<p>Des questions?\u00a0<a href=\"https:\/\/ontariocaregiver.ca\/peersupport\/fr\/contactez-nous\/\" target=\"_blank\" rel=\"noreferrer noopener\">Communiquez avec nous d\u00e8s aujourd\u2019hui.<\/a><\/p>\n\n\n\n<h4 class=\"wp-block-heading\">Valeurs fondamentales du soutien par les pairs de l\u2019OSANO<\/h4>\n\n\n\n<p><strong>Espoir<\/strong><\/p>\n\n\n\n<p>Une approche qui reconna\u00eet l\u2019impact positif et la force de l\u2019espoir. <\/p>\n\n\n\n<p><strong>Relations empathiques et \u00e9galitaires<\/strong><\/p>\n\n\n\n<p>La relation de soutien par les pairs b\u00e9n\u00e9ficie de la r\u00e9ciprocit\u00e9 et de la compr\u00e9hension qui d\u00e9coulent d\u2019une exp\u00e9rience v\u00e9cue similaire.<\/p>\n\n\n\n<p><strong>Int\u00e9grit\u00e9, authenticit\u00e9 et confiance<\/strong><\/p>\n\n\n\n<p>Des valeurs inh\u00e9rentes \u00e0 toute interaction.<\/p>\n\n\n\n<p><strong>Croissance personnelle<\/strong><\/p>\n\n\n\n<p>L\u2019apprentissage continu, le changement et les nouvelles perspectives sont tr\u00e8s appr\u00e9ci\u00e9s.<\/p>\n\n\n\n<p><strong>Autod\u00e9termination<\/strong><\/p>\n\n\n\n<p>Reconna\u00eetre le fait que chaque personne sait intrins\u00e8quement ce qui lui convient le mieux dans son parcours d\u2019aidant naturel.<\/p>\n\n\n\n<p><strong>Dignit\u00e9, respect et inclusion<\/strong><\/p>\n\n\n\n<p>Quel que soit votre contexte ou situation, la valeur de chaque aidant naturel est reconnue.<\/p>\n","protected":false},"excerpt":{"rendered":"<p>\u00c0 propos du soutien par les pairs Parfois, on a juste besoin d\u2019entendre une voix aimable. En tant qu\u2019aidants naturels, nous comprenons que ce parcours est rempli de hauts et de bas. Nous comprenons que ce parcours est \u00e0 la fois gratifiant et \u00e9prouvant. Il est souvent difficile de trouver l\u2019\u00e9quilibre et le soutien n\u00e9cessaire [&hellip;]<\/p>\n","protected":false},"author":1,"featured_media":0,"parent":0,"menu_order":0,"comment_status":"closed","ping_status":"closed","template":"page-templates\/page-content.php","meta":{"_acf_changed":false,"inline_featured_image":false,"footnotes":""},"class_list":["post-459","page","type-page","status-publish","hentry"],"acf":[],"yoast_head":"<!-- This site is optimized with the Yoast SEO plugin v27.4 - https:\/\/yoast.com\/product\/yoast-seo-wordpress\/ -->\n<title>\u00c0 propos : - Peer Support<\/title>\n<meta name=\"robots\" content=\"index, follow, max-snippet:-1, max-image-preview:large, max-video-preview:-1\" \/>\n<link rel=\"canonical\" href=\"https:\/\/ontariocaregiver.ca\/peersupport\/fr\/a-propos\/\" \/>\n<meta property=\"og:locale\" content=\"fr_FR\" \/>\n<meta property=\"og:type\" content=\"article\" \/>\n<meta property=\"og:title\" content=\"\u00c0 propos : - Peer Support\" \/>\n<meta property=\"og:description\" content=\"\u00c0 propos du soutien par les pairs Parfois, on a juste besoin d\u2019entendre une voix aimable. En tant qu\u2019aidants naturels, nous comprenons que ce parcours est rempli de hauts et de bas. Nous comprenons que ce parcours est \u00e0 la fois gratifiant et \u00e9prouvant. Il est souvent difficile de trouver l\u2019\u00e9quilibre et le soutien n\u00e9cessaire [&hellip;]\" \/>\n<meta property=\"og:url\" content=\"https:\/\/ontariocaregiver.ca\/peersupport\/fr\/a-propos\/\" \/>\n<meta property=\"og:site_name\" content=\"Peer Support\" \/>\n<meta property=\"article:modified_time\" content=\"2021-05-05T18:30:41+00:00\" \/>\n<meta name=\"twitter:card\" content=\"summary_large_image\" \/>\n<meta name=\"twitter:label1\" content=\"Dur\u00e9e de lecture estim\u00e9e\" \/>\n\t<meta name=\"twitter:data1\" content=\"2 minutes\" \/>\n<script type=\"application\/ld+json\" class=\"yoast-schema-graph\">{\"@context\":\"https:\\\/\\\/schema.org\",\"@graph\":[{\"@type\":\"WebPage\",\"@id\":\"https:\\\/\\\/ontariocaregiver.ca\\\/peersupport\\\/fr\\\/a-propos\\\/\",\"url\":\"https:\\\/\\\/ontariocaregiver.ca\\\/peersupport\\\/fr\\\/a-propos\\\/\",\"name\":\"\u00c0 propos : - Peer Support\",\"isPartOf\":{\"@id\":\"https:\\\/\\\/ontariocaregiver.ca\\\/peersupport\\\/fr\\\/#website\"},\"datePublished\":\"2020-08-27T20:27:27+00:00\",\"dateModified\":\"2021-05-05T18:30:41+00:00\",\"breadcrumb\":{\"@id\":\"https:\\\/\\\/ontariocaregiver.ca\\\/peersupport\\\/fr\\\/a-propos\\\/#breadcrumb\"},\"inLanguage\":\"fr-FR\",\"potentialAction\":[{\"@type\":\"ReadAction\",\"target\":[\"https:\\\/\\\/ontariocaregiver.ca\\\/peersupport\\\/fr\\\/a-propos\\\/\"]}]},{\"@type\":\"BreadcrumbList\",\"@id\":\"https:\\\/\\\/ontariocaregiver.ca\\\/peersupport\\\/fr\\\/a-propos\\\/#breadcrumb\",\"itemListElement\":[{\"@type\":\"ListItem\",\"position\":1,\"name\":\"Page Principale\",\"item\":\"https:\\\/\\\/ontariocaregiver.ca\\\/peersupport\\\/fr\\\/sample-page\\\/\"},{\"@type\":\"ListItem\",\"position\":2,\"name\":\"\u00c0 propos :\"}]},{\"@type\":\"WebSite\",\"@id\":\"https:\\\/\\\/ontariocaregiver.ca\\\/peersupport\\\/fr\\\/#website\",\"url\":\"https:\\\/\\\/ontariocaregiver.ca\\\/peersupport\\\/fr\\\/\",\"name\":\"Peer Support\",\"description\":\"Just another WordPress site\",\"potentialAction\":[{\"@type\":\"SearchAction\",\"target\":{\"@type\":\"EntryPoint\",\"urlTemplate\":\"https:\\\/\\\/ontariocaregiver.ca\\\/peersupport\\\/fr\\\/?s={search_term_string}\"},\"query-input\":{\"@type\":\"PropertyValueSpecification\",\"valueRequired\":true,\"valueName\":\"search_term_string\"}}],\"inLanguage\":\"fr-FR\"}]}<\/script>\n<!-- \/ Yoast SEO plugin. -->","yoast_head_json":{"title":"\u00c0 propos : - Peer Support","robots":{"index":"index","follow":"follow","max-snippet":"max-snippet:-1","max-image-preview":"max-image-preview:large","max-video-preview":"max-video-preview:-1"},"canonical":"https:\/\/ontariocaregiver.ca\/peersupport\/fr\/a-propos\/","og_locale":"fr_FR","og_type":"article","og_title":"\u00c0 propos : - Peer Support","og_description":"\u00c0 propos du soutien par les pairs Parfois, on a juste besoin d\u2019entendre une voix aimable. En tant qu\u2019aidants naturels, nous comprenons que ce parcours est rempli de hauts et de bas. Nous comprenons que ce parcours est \u00e0 la fois gratifiant et \u00e9prouvant. Il est souvent difficile de trouver l\u2019\u00e9quilibre et le soutien n\u00e9cessaire [&hellip;]","og_url":"https:\/\/ontariocaregiver.ca\/peersupport\/fr\/a-propos\/","og_site_name":"Peer Support","article_modified_time":"2021-05-05T18:30:41+00:00","twitter_card":"summary_large_image","twitter_misc":{"Dur\u00e9e de lecture estim\u00e9e":"2 minutes"},"schema":{"@context":"https:\/\/schema.org","@graph":[{"@type":"WebPage","@id":"https:\/\/ontariocaregiver.ca\/peersupport\/fr\/a-propos\/","url":"https:\/\/ontariocaregiver.ca\/peersupport\/fr\/a-propos\/","name":"\u00c0 propos : - Peer Support","isPartOf":{"@id":"https:\/\/ontariocaregiver.ca\/peersupport\/fr\/#website"},"datePublished":"2020-08-27T20:27:27+00:00","dateModified":"2021-05-05T18:30:41+00:00","breadcrumb":{"@id":"https:\/\/ontariocaregiver.ca\/peersupport\/fr\/a-propos\/#breadcrumb"},"inLanguage":"fr-FR","potentialAction":[{"@type":"ReadAction","target":["https:\/\/ontariocaregiver.ca\/peersupport\/fr\/a-propos\/"]}]},{"@type":"BreadcrumbList","@id":"https:\/\/ontariocaregiver.ca\/peersupport\/fr\/a-propos\/#breadcrumb","itemListElement":[{"@type":"ListItem","position":1,"name":"Page Principale","item":"https:\/\/ontariocaregiver.ca\/peersupport\/fr\/sample-page\/"},{"@type":"ListItem","position":2,"name":"\u00c0 propos :"}]},{"@type":"WebSite","@id":"https:\/\/ontariocaregiver.ca\/peersupport\/fr\/#website","url":"https:\/\/ontariocaregiver.ca\/peersupport\/fr\/","name":"Peer Support","description":"Just another WordPress site","potentialAction":[{"@type":"SearchAction","target":{"@type":"EntryPoint","urlTemplate":"https:\/\/ontariocaregiver.ca\/peersupport\/fr\/?s={search_term_string}"},"query-input":{"@type":"PropertyValueSpecification","valueRequired":true,"valueName":"search_term_string"}}],"inLanguage":"fr-FR"}]}},"_links":{"self":[{"href":"https:\/\/ontariocaregiver.ca\/peersupport\/fr\/wp-json\/wp\/v2\/pages\/459","targetHints":{"allow":["GET"]}}],"collection":[{"href":"https:\/\/ontariocaregiver.ca\/peersupport\/fr\/wp-json\/wp\/v2\/pages"}],"about":[{"href":"https:\/\/ontariocaregiver.ca\/peersupport\/fr\/wp-json\/wp\/v2\/types\/page"}],"author":[{"embeddable":true,"href":"https:\/\/ontariocaregiver.ca\/peersupport\/fr\/wp-json\/wp\/v2\/users\/1"}],"replies":[{"embeddable":true,"href":"https:\/\/ontariocaregiver.ca\/peersupport\/fr\/wp-json\/wp\/v2\/comments?post=459"}],"version-history":[{"count":9,"href":"https:\/\/ontariocaregiver.ca\/peersupport\/fr\/wp-json\/wp\/v2\/pages\/459\/revisions"}],"predecessor-version":[{"id":757,"href":"https:\/\/ontariocaregiver.ca\/peersupport\/fr\/wp-json\/wp\/v2\/pages\/459\/revisions\/757"}],"wp:attachment":[{"href":"https:\/\/ontariocaregiver.ca\/peersupport\/fr\/wp-json\/wp\/v2\/media?parent=459"}],"curies":[{"name":"wp","href":"https:\/\/api.w.org\/{rel}","templated":true}]}}