{"id":456,"date":"2020-07-17T21:17:10","date_gmt":"2020-07-17T21:17:10","guid":{"rendered":"https:\/\/ontariocaregiver.ca\/peersupport\/sample-page\/"},"modified":"2024-10-22T15:52:17","modified_gmt":"2024-10-22T19:52:17","slug":"sample-page","status":"publish","type":"page","link":"https:\/\/ontariocaregiver.ca\/peersupport\/fr\/","title":{"rendered":"Peer Support"},"content":{"rendered":"<div id=\"intro-banner-block_f47ba1a1f068ae230de40f4d5c13717f\" class=\"intro-banner anim-block alignfull \">\n    <div class=\"banner\" style=\"background-image:url('https:\/\/ontariocaregiver.ca\/peersupport\/wp-content\/uploads\/2020\/09\/Peer-Support-2-scaled.jpg');\">\n        <div class=\"row\">\n            <div class=\"large-12 column\">\n                <div class=\"circle\">\n                    <h2>Trouvez l\u2019aide dont vous avez besoin d\u00e8s aujourd\u2019hui.<\/h2>\n                    <span><\/span>\n                <\/div>\n\n            <\/div>\n        <\/div>\n    <\/div>\n<\/div>\n\n\n\n<div id=\"about-banner-block_de4a1261e0a86730201de87642d22472\" class=\"about-banner anim-block \">\n    <div class=\"banner\">\n        <div class=\"row\">\n\n            <div class=\"medium-5 medium-offset-2 medium-push-5 column\">\n                <div class=\"circle\">\n                    <img loading=\"lazy\" decoding=\"async\" width=\"378\" height=\"378\" src=\"https:\/\/ontariocaregiver.ca\/peersupport\/wp-content\/uploads\/2020\/09\/OnPhone.png\" class=\"attachment-hero-images size-hero-images\" alt=\"\" srcset=\"https:\/\/ontariocaregiver.ca\/peersupport\/wp-content\/uploads\/2020\/09\/OnPhone.png 378w, https:\/\/ontariocaregiver.ca\/peersupport\/wp-content\/uploads\/2020\/09\/OnPhone-300x300.png 300w\" sizes=\"auto, (max-width: 378px) 100vw, 378px\" \/>                    <span><\/span>\n                <\/div>\n\n            <\/div>\n            <div class=\"medium-5 medium-pull-5  column\">\n                <div class=\"contents\">\n                    <h3>Vous \u00eates l\u00e0 pour eux, nous sommes l\u00e0 pour vous<\/h3>\n                    <p>Si vous vous sentez anxieux et d\u00e9pass\u00e9 par vos responsabilit\u00e9s d\u2019aidant naturel, vous n\u2019\u00eates pas seul. Nous sommes tous confront\u00e9s \u00e0 des d\u00e9fis dans notre parcours d\u2019aidant naturel. C\u2019est normal. Et c\u2019est pourquoi l\u2019Organisme de soutien aux aidants naturels de l\u2019Ontario est l\u00e0 pour vous.<br \/>\r\n<br \/>\r\nEn collaboration avec des aidants naturels exp\u00e9riment\u00e9s, nous avons cr\u00e9\u00e9 le Programme individuel de soutien par les pairs. En trois \u00e9tapes simples, vous pouvez entrer en contact avec un autre aidant naturel, partager vos exp\u00e9riences et recevoir le soutien n\u00e9cessaire durant votre cheminement.<br \/>\r\n<br \/>\r\n<br \/>\r\n<\/p>\n                                            <a class=\"cta\" href=\"https:\/\/ontariocaregiver.ca\/peersupport\/fr\/a-propos\/\">En savoir plus<\/a>\n                                    <\/div>\n            <\/div>\n        <\/div>\n    <\/div>\n<\/div>\n\n\n\n<div id=\"register-step-block_70f32daf6c3468469334b55fb7603d7c\" class=\"register-step anim-block alignfull \">\n    <div class=\"banner\">\n        <div class=\"row\">\n            <div class=\"large-5 large-offset-1 column\">\n                <div class=\"circle\">\n                    <img loading=\"lazy\" decoding=\"async\" width=\"378\" height=\"378\" src=\"https:\/\/ontariocaregiver.ca\/peersupport\/wp-content\/uploads\/2020\/09\/WomanWithNotepad.png\" class=\"attachment-grid-images size-grid-images\" alt=\"\" srcset=\"https:\/\/ontariocaregiver.ca\/peersupport\/wp-content\/uploads\/2020\/09\/WomanWithNotepad.png 378w, https:\/\/ontariocaregiver.ca\/peersupport\/wp-content\/uploads\/2020\/09\/WomanWithNotepad-300x300.png 300w\" sizes=\"auto, (max-width: 378px) 100vw, 378px\" \/>                    <span><\/span>\n                <\/div>\n\n            <\/div>\n            <div class=\"large-5 column\">\n                <div class=\"contents\">\n                    <h5>\u00c9TAPE 1<\/h5>\n                    <h3>S\u2019inscrire<\/h3>\n                    <p>Inscrivez-vous en ligne d\u00e8s aujourd\u2019hui pour entrer en contact avec la personne responsable du Programme de soutien par les pairs de l\u2019Organisme de soutien aux aidants naturels de l\u2019Ontario. Cette personne vous donnera acc\u00e8s \u00e0 notre portail et vous aider \u00e0 naviguer notre programme et vous donnera acc\u00e8s \u00e0 notre portail en ligne exclusif et confidentiel.<\/p>\n                                            <a class=\"cta\" href=\"https:\/\/ontariocaregiver.ca\/peersupport\/fr\/trouver-un-mentor\">S\u2019inscrire<\/a>\n                                    <\/div>\n            <\/div>\n\n        <\/div>\n    <\/div>\n<\/div>\n\n\n\n<div id=\"choose-step-block_ef09e8e0b78489d8f45f77b073bb58aa\" class=\"choose-step \">\n    <div class=\"banner\">\n        <div class=\"row\">\n            <div class=\"medium-4 medium-push-7 column\">\n                <div class=\"mentors\">\n                    <div class=\"row\">\n                                                    <div class=\"small-6 column\">\n                                <div class=\"mentor\">\n                                    <img loading=\"lazy\" decoding=\"async\" width=\"281\" height=\"281\" src=\"https:\/\/ontariocaregiver.ca\/peersupport\/wp-content\/uploads\/2020\/09\/AllenMicus2.png\" class=\"attachment-grid-images size-grid-images\" alt=\"\" \/>                                    <span>Allen<\/span>\n                                <\/div>\n                            <\/div>\n                                                    <div class=\"small-6 column\">\n                                <div class=\"mentor\">\n                                    <img loading=\"lazy\" decoding=\"async\" width=\"281\" height=\"281\" src=\"https:\/\/ontariocaregiver.ca\/peersupport\/wp-content\/uploads\/2020\/09\/Steve.png\" class=\"attachment-grid-images size-grid-images\" alt=\"\" \/>                                    <span>Steve<\/span>\n                                <\/div>\n                            <\/div>\n                                                    <div class=\"small-6 column\">\n                                <div class=\"mentor\">\n                                    <img loading=\"lazy\" decoding=\"async\" width=\"281\" height=\"281\" src=\"https:\/\/ontariocaregiver.ca\/peersupport\/wp-content\/uploads\/2020\/09\/Mieko.png\" class=\"attachment-grid-images size-grid-images\" alt=\"\" \/>                                    <span>Mieko<\/span>\n                                <\/div>\n                            <\/div>\n                                                    <div class=\"small-6 column\">\n                                <div class=\"mentor\">\n                                    <img loading=\"lazy\" decoding=\"async\" width=\"176\" height=\"176\" src=\"https:\/\/ontariocaregiver.ca\/peersupport\/wp-content\/uploads\/2021\/05\/Picture1.jpg\" class=\"attachment-grid-images size-grid-images\" alt=\"Nahlah, Mentor\" \/>                                    <span>Nahlah<\/span>\n                                <\/div>\n                            <\/div>\n                                            <\/div>\n                <\/div>\n\n            <\/div>\n            <div class=\"medium-5 medium-offset-2 medium-pull-4 column\">\n                <div class=\"contents\">\n                    <h5>\u00c9TAPE 2<\/h5>\n                    <h3>Choisir<\/h3>\n                    <p>Par l\u2019entremise de notre portail confidentiel, vous pourrez faire des recherches et voir qui parmi nos mentors qualifi\u00e9s sont disponibles. Vous pourrez alors en apprendre davantage sur eux et choisir le pair mentor qui vous convient le mieux.<\/p>\n                                    <\/div>\n            <\/div>\n\n        <\/div>\n    <\/div>\n<\/div>\n\n\n\n<div id=\"register-step-block_c0f1b02fb90b164c75c9d5e44d76f73a\" class=\"connect-step alignfull anim-block \">\n    <div class=\"banner\">\n        <div class=\"row\">\n            <div class=\"large-5 large-offset-1 column\">\n                <div class=\"circle\">\n                    <img loading=\"lazy\" decoding=\"async\" width=\"378\" height=\"378\" src=\"https:\/\/ontariocaregiver.ca\/peersupport\/wp-content\/uploads\/2020\/09\/WomanOnPhone.png\" class=\"attachment-grid-images size-grid-images\" alt=\"\" srcset=\"https:\/\/ontariocaregiver.ca\/peersupport\/wp-content\/uploads\/2020\/09\/WomanOnPhone.png 378w, https:\/\/ontariocaregiver.ca\/peersupport\/wp-content\/uploads\/2020\/09\/WomanOnPhone-300x300.png 300w\" sizes=\"auto, (max-width: 378px) 100vw, 378px\" \/>                    <span><\/span>\n                <\/div>\n\n            <\/div>\n            <div class=\"large-5 column\">\n                <div class=\"contents\">\n                    <h5>\u00c9TAPE 3<\/h5>\n                    <h3>Entrer en contact<\/h3>\n                    <p>Apr\u00e8s avoir choisi le mentor qui vous convient, vous serez mis en contact avec cette personne. Votre mentor est l\u00e0 pour vous \u00e9couter,  et vous offrir le support dont vous avez de besoin. Nous sommes l\u00e0 pour vous appuyer dans le choix d\u2019une mentor qui vous offrira une \u00e9coute attentive et l\u2019appui dont vous avez besoin.<\/p>\n                                    <\/div>\n            <\/div>\n\n        <\/div>\n    <\/div>\n<\/div>\n\n\n\n<div id=\"find-mentor-block_8c8eb42c9835d9485d5b3399f279d9ba\" class=\"find-mentor \">\n    <div class=\"row\">\n        <div class=\"large-6 large-offset-3 column\">\n            <h1>Trouvez un mentor maintenant.<\/h1>\n            <div class=\"cta-btn\">\n                                    <a href=\"https:\/\/ontariocaregiver.ca\/peersupport\/fr\/inscrivez-vous\/\">Inscrivez-vous maintenant<\/a>\n                            <\/div>\n            <div class=\"block-details\">\n                <p>Des questions? <a href=\"https:\/\/ontariocaregiver.ca\/peersupport\/fr\/faq\/\">Lisez notre FAQ<\/a><\/p>\n<p>Vous souhaitez devenir un mentor? <a href=\"https:\/\/ontariocaregiver.ca\/peersupport\/fr\/devenez-un-mentor\">En savoir plus<\/a><\/p>\n            <\/div>\n        <\/div>\n    <\/div>\n<\/div>\n\n","protected":false},"excerpt":{"rendered":"","protected":false},"author":1,"featured_media":0,"parent":0,"menu_order":0,"comment_status":"closed","ping_status":"open","template":"","meta":{"_acf_changed":false,"inline_featured_image":false,"footnotes":""},"class_list":["post-456","page","type-page","status-publish","hentry"],"acf":[],"yoast_head":"<!-- This site is optimized with the Yoast SEO plugin v27.3 - https:\/\/yoast.com\/product\/yoast-seo-wordpress\/ -->\n<title>Peer Support - Peer Support<\/title>\n<meta name=\"robots\" content=\"index, follow, max-snippet:-1, max-image-preview:large, max-video-preview:-1\" \/>\n<link rel=\"canonical\" href=\"https:\/\/ontariocaregiver.ca\/peersupport\/fr\/\" \/>\n<meta property=\"og:locale\" content=\"fr_FR\" \/>\n<meta property=\"og:type\" content=\"article\" \/>\n<meta property=\"og:title\" content=\"Peer Support - Peer Support\" \/>\n<meta property=\"og:url\" content=\"https:\/\/ontariocaregiver.ca\/peersupport\/fr\/\" \/>\n<meta property=\"og:site_name\" content=\"Peer Support\" \/>\n<meta property=\"article:modified_time\" content=\"2024-10-22T19:52:17+00:00\" \/>\n<meta name=\"twitter:card\" content=\"summary_large_image\" \/>\n<script type=\"application\/ld+json\" class=\"yoast-schema-graph\">{\"@context\":\"https:\\\/\\\/schema.org\",\"@graph\":[{\"@type\":\"WebPage\",\"@id\":\"https:\\\/\\\/ontariocaregiver.ca\\\/peersupport\\\/fr\\\/\",\"url\":\"https:\\\/\\\/ontariocaregiver.ca\\\/peersupport\\\/fr\\\/\",\"name\":\"Peer Support - Peer Support\",\"isPartOf\":{\"@id\":\"https:\\\/\\\/ontariocaregiver.ca\\\/peersupport\\\/fr\\\/#website\"},\"datePublished\":\"2020-07-17T21:17:10+00:00\",\"dateModified\":\"2024-10-22T19:52:17+00:00\",\"breadcrumb\":{\"@id\":\"https:\\\/\\\/ontariocaregiver.ca\\\/peersupport\\\/fr\\\/#breadcrumb\"},\"inLanguage\":\"fr-FR\",\"potentialAction\":[{\"@type\":\"ReadAction\",\"target\":[\"https:\\\/\\\/ontariocaregiver.ca\\\/peersupport\\\/fr\\\/\"]}]},{\"@type\":\"BreadcrumbList\",\"@id\":\"https:\\\/\\\/ontariocaregiver.ca\\\/peersupport\\\/fr\\\/#breadcrumb\",\"itemListElement\":[{\"@type\":\"ListItem\",\"position\":1,\"name\":\"Page Principale\",\"item\":\"https:\\\/\\\/ontariocaregiver.ca\\\/peersupport\\\/fr\\\/sample-page\\\/\"},{\"@type\":\"ListItem\",\"position\":2,\"name\":\"Peer Support\"}]},{\"@type\":\"WebSite\",\"@id\":\"https:\\\/\\\/ontariocaregiver.ca\\\/peersupport\\\/fr\\\/#website\",\"url\":\"https:\\\/\\\/ontariocaregiver.ca\\\/peersupport\\\/fr\\\/\",\"name\":\"Peer Support\",\"description\":\"Just another WordPress site\",\"potentialAction\":[{\"@type\":\"SearchAction\",\"target\":{\"@type\":\"EntryPoint\",\"urlTemplate\":\"https:\\\/\\\/ontariocaregiver.ca\\\/peersupport\\\/fr\\\/?s={search_term_string}\"},\"query-input\":{\"@type\":\"PropertyValueSpecification\",\"valueRequired\":true,\"valueName\":\"search_term_string\"}}],\"inLanguage\":\"fr-FR\"}]}<\/script>\n<!-- \/ Yoast SEO plugin. -->","yoast_head_json":{"title":"Peer Support - Peer Support","robots":{"index":"index","follow":"follow","max-snippet":"max-snippet:-1","max-image-preview":"max-image-preview:large","max-video-preview":"max-video-preview:-1"},"canonical":"https:\/\/ontariocaregiver.ca\/peersupport\/fr\/","og_locale":"fr_FR","og_type":"article","og_title":"Peer Support - Peer Support","og_url":"https:\/\/ontariocaregiver.ca\/peersupport\/fr\/","og_site_name":"Peer Support","article_modified_time":"2024-10-22T19:52:17+00:00","twitter_card":"summary_large_image","schema":{"@context":"https:\/\/schema.org","@graph":[{"@type":"WebPage","@id":"https:\/\/ontariocaregiver.ca\/peersupport\/fr\/","url":"https:\/\/ontariocaregiver.ca\/peersupport\/fr\/","name":"Peer Support - Peer Support","isPartOf":{"@id":"https:\/\/ontariocaregiver.ca\/peersupport\/fr\/#website"},"datePublished":"2020-07-17T21:17:10+00:00","dateModified":"2024-10-22T19:52:17+00:00","breadcrumb":{"@id":"https:\/\/ontariocaregiver.ca\/peersupport\/fr\/#breadcrumb"},"inLanguage":"fr-FR","potentialAction":[{"@type":"ReadAction","target":["https:\/\/ontariocaregiver.ca\/peersupport\/fr\/"]}]},{"@type":"BreadcrumbList","@id":"https:\/\/ontariocaregiver.ca\/peersupport\/fr\/#breadcrumb","itemListElement":[{"@type":"ListItem","position":1,"name":"Page Principale","item":"https:\/\/ontariocaregiver.ca\/peersupport\/fr\/sample-page\/"},{"@type":"ListItem","position":2,"name":"Peer Support"}]},{"@type":"WebSite","@id":"https:\/\/ontariocaregiver.ca\/peersupport\/fr\/#website","url":"https:\/\/ontariocaregiver.ca\/peersupport\/fr\/","name":"Peer Support","description":"Just another WordPress site","potentialAction":[{"@type":"SearchAction","target":{"@type":"EntryPoint","urlTemplate":"https:\/\/ontariocaregiver.ca\/peersupport\/fr\/?s={search_term_string}"},"query-input":{"@type":"PropertyValueSpecification","valueRequired":true,"valueName":"search_term_string"}}],"inLanguage":"fr-FR"}]}},"_links":{"self":[{"href":"https:\/\/ontariocaregiver.ca\/peersupport\/fr\/wp-json\/wp\/v2\/pages\/456","targetHints":{"allow":["GET"]}}],"collection":[{"href":"https:\/\/ontariocaregiver.ca\/peersupport\/fr\/wp-json\/wp\/v2\/pages"}],"about":[{"href":"https:\/\/ontariocaregiver.ca\/peersupport\/fr\/wp-json\/wp\/v2\/types\/page"}],"author":[{"embeddable":true,"href":"https:\/\/ontariocaregiver.ca\/peersupport\/fr\/wp-json\/wp\/v2\/users\/1"}],"replies":[{"embeddable":true,"href":"https:\/\/ontariocaregiver.ca\/peersupport\/fr\/wp-json\/wp\/v2\/comments?post=456"}],"version-history":[{"count":24,"href":"https:\/\/ontariocaregiver.ca\/peersupport\/fr\/wp-json\/wp\/v2\/pages\/456\/revisions"}],"predecessor-version":[{"id":1216,"href":"https:\/\/ontariocaregiver.ca\/peersupport\/fr\/wp-json\/wp\/v2\/pages\/456\/revisions\/1216"}],"wp:attachment":[{"href":"https:\/\/ontariocaregiver.ca\/peersupport\/fr\/wp-json\/wp\/v2\/media?parent=456"}],"curies":[{"name":"wp","href":"https:\/\/api.w.org\/{rel}","templated":true}]}}